{"id":2305,"date":"2025-07-21T10:52:57","date_gmt":"2025-07-21T08:52:57","guid":{"rendered":"https:\/\/atoopro.fr\/?page_id=2305"},"modified":"2025-07-21T11:11:30","modified_gmt":"2025-07-21T09:11:30","slug":"mentions-legales","status":"publish","type":"page","link":"https:\/\/atoopro.fr\/en\/mentions-legales\/","title":{"rendered":"Mentions l\u00e9gales"},"content":{"rendered":"<div data-elementor-type=\"wp-page\" data-elementor-id=\"2305\" class=\"elementor elementor-2305\" data-elementor-post-type=\"page\">\n\t\t\t\t<div class=\"elementor-element elementor-element-c1719e8 e-grid e-con-boxed e-con e-parent\" data-id=\"c1719e8\" data-element_type=\"container\" data-e-type=\"container\">\n\t\t\t\t\t<div class=\"e-con-inner\">\n\t\t\t\t<div class=\"elementor-element elementor-element-395e760 elementor-widget elementor-widget-text-editor\" data-id=\"395e760\" data-element_type=\"widget\" data-e-type=\"widget\" data-widget_type=\"text-editor.default\">\n\t\t\t\t<div class=\"elementor-widget-container\">\n\t\t\t\t\t\t\t\t\t<h1 data-start=\"187\" data-end=\"425\"><strong>Mentions l\u00e9gales\u00a0<\/strong><\/h1><p data-start=\"187\" data-end=\"425\">Conform\u00e9ment aux dispositions de la loi n\u00b0 2004-575 du 21 juin 2004 pour la confiance en l&rsquo;\u00e9conomie num\u00e9rique, il est pr\u00e9cis\u00e9 aux utilisateurs du Site l&rsquo;identit\u00e9 des diff\u00e9rents intervenants dans le cadre de sa r\u00e9alisation et de son suivi.<\/p><h2 data-start=\"427\" data-end=\"447\">\u00c9dition du site<\/h2><p data-start=\"448\" data-end=\"770\">Le site <a class=\"\" href=\"https:\/\/atoopro.fr\/en\/\" target=\"_new\" rel=\"noopener\" data-start=\"456\" data-end=\"475\">https:\/\/atoopro.fr\/<\/a> est \u00e9dit\u00e9 par la soci\u00e9t\u00e9 <strong data-start=\"501\" data-end=\"513\">ATOO PRO<\/strong>,<br data-start=\"514\" data-end=\"517\" \/>Soci\u00e9t\u00e9 \u00e0 Responsabilit\u00e9 Limit\u00e9e (SARL) au capital social de <strong data-start=\"578\" data-end=\"589\">1 000 \u20ac<\/strong>,<br data-start=\"590\" data-end=\"593\" \/>immatricul\u00e9e au Registre du commerce et des soci\u00e9t\u00e9s sous le num\u00e9ro SIREN <strong data-start=\"667\" data-end=\"682\">487 736 795<\/strong>, TVA intracommunautaire : <strong>FR26487736795\u00a0<\/strong><br data-start=\"683\" data-end=\"686\" \/>dont le si\u00e8ge social est situ\u00e9 au :<br data-start=\"721\" data-end=\"724\" \/><strong data-start=\"724\" data-end=\"767\">1 Rue des Acacias 33520 Bruges France<\/strong>.<\/p><p data-start=\"772\" data-end=\"912\">La soci\u00e9t\u00e9 a \u00e9t\u00e9 cr\u00e9\u00e9e le 1er janvier 2006.<br data-start=\"815\" data-end=\"818\" \/>Son activit\u00e9 principale est : conseil en syst\u00e8mes et logiciels informatiques (code APE 6202A).<\/p><h2 data-start=\"914\" data-end=\"945\">Responsable de publication<\/h2><p data-start=\"946\" data-end=\"1013\">Monsieur <strong data-start=\"955\" data-end=\"980\">Pierre-Olivier PAQUET<\/strong>, repr\u00e9sentant l\u00e9gal de ATOO PRO.<\/p><h2 data-start=\"1015\" data-end=\"1029\">H\u00e9bergeur<\/h2><p data-start=\"1030\" data-end=\"1224\">Le site <a class=\"\" href=\"https:\/\/atoopro.fr\/en\/\" target=\"_new\" rel=\"noopener\" data-start=\"1038\" data-end=\"1057\">https:\/\/atoopro.fr\/<\/a> est h\u00e9berg\u00e9 par la soci\u00e9t\u00e9 <strong data-start=\"1085\" data-end=\"1092\">OVH<\/strong>,<br data-start=\"1093\" data-end=\"1096\" \/>dont le si\u00e8ge social est situ\u00e9 au :<br data-start=\"1131\" data-end=\"1134\" \/>2 rue Kellermann, BP 80157, 59053 ROUBAIX Cedex 1, France.<br data-start=\"1192\" data-end=\"1195\" \/>T\u00e9l\u00e9phone : +33 9 72 10 10 07<\/p><h2 data-start=\"1226\" data-end=\"1245\">Contact us<\/h2><p data-start=\"1246\" data-end=\"1390\">Par t\u00e9l\u00e9phone :<a style=\"font-family: -apple-system, BlinkMacSystemFont, 'Segoe UI', Roboto, 'Helvetica Neue', Arial, 'Noto Sans', sans-serif, 'Apple Color Emoji', 'Segoe UI Emoji', 'Segoe UI Symbol', 'Noto Color Emoji';\" href=\"tel:123-456-7890\"><span class=\"elementor-icon-list-text\">05 54 54 55 96<\/span><\/a><\/p><p data-start=\"1246\" data-end=\"1390\"><span style=\"font-family: -apple-system, BlinkMacSystemFont, 'Segoe UI', Roboto, 'Helvetica Neue', Arial, 'Noto Sans', sans-serif, 'Apple Color Emoji', 'Segoe UI Emoji', 'Segoe UI Symbol', 'Noto Color Emoji';\">Par email : <\/span><a class=\"cursor-pointer\" style=\"font-family: -apple-system, BlinkMacSystemFont, 'Segoe UI', Roboto, 'Helvetica Neue', Arial, 'Noto Sans', sans-serif, 'Apple Color Emoji', 'Segoe UI Emoji', 'Segoe UI Symbol', 'Noto Color Emoji';\" rel=\"noopener\" data-start=\"1304\" data-end=\"1322\">contact@atoopro.fr<\/a><\/p><p data-start=\"1246\" data-end=\"1390\">Par courrier : ATOO PRO, 1 Rue des Acacias 33520 Bruges, France.<\/p><h2 data-start=\"1392\" data-end=\"1413\">Votre vie priv\u00e9e<\/h2><p data-start=\"1414\" data-end=\"1863\">Le traitement de vos donn\u00e9es \u00e0 caract\u00e8re personnel est r\u00e9gi par la politique de confidentialit\u00e9 de ATOO PRO, conforme au R\u00e8glement G\u00e9n\u00e9ral sur la Protection des Donn\u00e9es (RGPD n\u00b0 2016-679).<br data-start=\"1602\" data-end=\"1605\" \/>ATOO PRO s\u2019engage \u00e0 respecter la confidentialit\u00e9 et la s\u00e9curit\u00e9 de vos donn\u00e9es personnelles. Pour toute question concernant vos donn\u00e9es personnelles, vous pouvez contacter le responsable de la protection des donn\u00e9es \u00e0 l\u2019adresse suivante : <a class=\"cursor-pointer\" rel=\"noopener\" data-start=\"1844\" data-end=\"1862\">contact@atoopro.fr<\/a>.<\/p><h2 data-start=\"1865\" data-end=\"1884\">learn more<\/h2><p data-start=\"1885\" data-end=\"2028\">Pour plus d\u2019informations sur les mentions l\u00e9gales obligatoires, merci de consulter la l\u00e9gislation en vigueur ou contacter ATOO PRO directement.<\/p>\t\t\t\t\t\t\t\t<\/div>\n\t\t\t\t<\/div>\n\t\t\t\t\t<\/div>\n\t\t\t\t<\/div>\n\t\t\t\t<\/div>","protected":false},"excerpt":{"rendered":"<p>Mentions l\u00e9gales\u00a0 Conform\u00e9ment aux dispositions de la loi n\u00b0 2004-575 du 21 juin 2004 pour la confiance en l&rsquo;\u00e9conomie num\u00e9rique, il est pr\u00e9cis\u00e9 aux utilisateurs du Site l&rsquo;identit\u00e9 des diff\u00e9rents intervenants dans le cadre de sa r\u00e9alisation et de son suivi. \u00c9dition du site Le site https:\/\/atoopro.fr\/ est \u00e9dit\u00e9 par la soci\u00e9t\u00e9 ATOO PRO,Soci\u00e9t\u00e9 \u00e0 [&hellip;]<\/p>","protected":false},"author":2,"featured_media":0,"parent":0,"menu_order":0,"comment_status":"closed","ping_status":"closed","template":"","meta":{"jetpack_post_was_ever_published":false,"footnotes":""},"class_list":["post-2305","page","type-page","status-publish","hentry"],"yoast_head":"<!-- This site is optimized with the Yoast SEO plugin v27.5 - https:\/\/yoast.com\/product\/yoast-seo-wordpress\/ -->\n<title>Mentions l\u00e9gales - AtooPro<\/title>\n<meta name=\"robots\" content=\"index, follow, max-snippet:-1, max-image-preview:large, max-video-preview:-1\" \/>\n<link rel=\"canonical\" href=\"https:\/\/atoopro.fr\/en\/mentions-legales\/\" \/>\n<meta property=\"og:locale\" content=\"en_US\" \/>\n<meta property=\"og:type\" content=\"article\" \/>\n<meta property=\"og:title\" content=\"Mentions l\u00e9gales - AtooPro\" \/>\n<meta property=\"og:description\" content=\"Mentions l\u00e9gales\u00a0 Conform\u00e9ment aux dispositions de la loi n\u00b0 2004-575 du 21 juin 2004 pour la confiance en l&rsquo;\u00e9conomie num\u00e9rique, il est pr\u00e9cis\u00e9 aux utilisateurs du Site l&rsquo;identit\u00e9 des diff\u00e9rents intervenants dans le cadre de sa r\u00e9alisation et de son suivi. \u00c9dition du site Le site https:\/\/atoopro.fr\/ est \u00e9dit\u00e9 par la soci\u00e9t\u00e9 ATOO PRO,Soci\u00e9t\u00e9 \u00e0 [&hellip;]\" \/>\n<meta property=\"og:url\" content=\"https:\/\/atoopro.fr\/en\/mentions-legales\/\" \/>\n<meta property=\"og:site_name\" content=\"AtooPro\" \/>\n<meta property=\"article:modified_time\" content=\"2025-07-21T09:11:30+00:00\" \/>\n<meta name=\"twitter:card\" content=\"summary_large_image\" \/>\n<meta name=\"twitter:label1\" content=\"Est. reading time\" \/>\n\t<meta name=\"twitter:data1\" content=\"2 minutes\" \/>\n<script type=\"application\/ld+json\" class=\"yoast-schema-graph\">{\"@context\":\"https:\\\/\\\/schema.org\",\"@graph\":[{\"@type\":\"WebPage\",\"@id\":\"https:\\\/\\\/atoopro.fr\\\/mentions-legales\\\/\",\"url\":\"https:\\\/\\\/atoopro.fr\\\/mentions-legales\\\/\",\"name\":\"Mentions l\u00e9gales - AtooPro\",\"isPartOf\":{\"@id\":\"https:\\\/\\\/atoopro.fr\\\/#website\"},\"datePublished\":\"2025-07-21T08:52:57+00:00\",\"dateModified\":\"2025-07-21T09:11:30+00:00\",\"breadcrumb\":{\"@id\":\"https:\\\/\\\/atoopro.fr\\\/mentions-legales\\\/#breadcrumb\"},\"inLanguage\":\"en-US\",\"potentialAction\":[{\"@type\":\"ReadAction\",\"target\":[\"https:\\\/\\\/atoopro.fr\\\/mentions-legales\\\/\"]}]},{\"@type\":\"BreadcrumbList\",\"@id\":\"https:\\\/\\\/atoopro.fr\\\/mentions-legales\\\/#breadcrumb\",\"itemListElement\":[{\"@type\":\"ListItem\",\"position\":1,\"name\":\"Accueil\",\"item\":\"https:\\\/\\\/atoopro.fr\\\/\"},{\"@type\":\"ListItem\",\"position\":2,\"name\":\"Mentions l\u00e9gales\"}]},{\"@type\":\"WebSite\",\"@id\":\"https:\\\/\\\/atoopro.fr\\\/#website\",\"url\":\"https:\\\/\\\/atoopro.fr\\\/\",\"name\":\"AtooPro\",\"description\":\"L&#039;infog\u00e9rance de confiance\",\"publisher\":{\"@id\":\"https:\\\/\\\/atoopro.fr\\\/#organization\"},\"potentialAction\":[{\"@type\":\"SearchAction\",\"target\":{\"@type\":\"EntryPoint\",\"urlTemplate\":\"https:\\\/\\\/atoopro.fr\\\/?s={search_term_string}\"},\"query-input\":{\"@type\":\"PropertyValueSpecification\",\"valueRequired\":true,\"valueName\":\"search_term_string\"}}],\"inLanguage\":\"en-US\"},{\"@type\":\"Organization\",\"@id\":\"https:\\\/\\\/atoopro.fr\\\/#organization\",\"name\":\"AtooPro\",\"url\":\"https:\\\/\\\/atoopro.fr\\\/\",\"logo\":{\"@type\":\"ImageObject\",\"inLanguage\":\"en-US\",\"@id\":\"https:\\\/\\\/atoopro.fr\\\/#\\\/schema\\\/logo\\\/image\\\/\",\"url\":\"https:\\\/\\\/atoopro.fr\\\/wp-content\\\/uploads\\\/2025\\\/01\\\/Logo-AtooPro.png\",\"contentUrl\":\"https:\\\/\\\/atoopro.fr\\\/wp-content\\\/uploads\\\/2025\\\/01\\\/Logo-AtooPro.png\",\"width\":2161,\"height\":786,\"caption\":\"AtooPro\"},\"image\":{\"@id\":\"https:\\\/\\\/atoopro.fr\\\/#\\\/schema\\\/logo\\\/image\\\/\"}}]}<\/script>\n<!-- \/ Yoast SEO plugin. -->","yoast_head_json":{"title":"Mentions l\u00e9gales - AtooPro","robots":{"index":"index","follow":"follow","max-snippet":"max-snippet:-1","max-image-preview":"max-image-preview:large","max-video-preview":"max-video-preview:-1"},"canonical":"https:\/\/atoopro.fr\/en\/mentions-legales\/","og_locale":"en_US","og_type":"article","og_title":"Mentions l\u00e9gales - AtooPro","og_description":"Mentions l\u00e9gales\u00a0 Conform\u00e9ment aux dispositions de la loi n\u00b0 2004-575 du 21 juin 2004 pour la confiance en l&rsquo;\u00e9conomie num\u00e9rique, il est pr\u00e9cis\u00e9 aux utilisateurs du Site l&rsquo;identit\u00e9 des diff\u00e9rents intervenants dans le cadre de sa r\u00e9alisation et de son suivi. \u00c9dition du site Le site https:\/\/atoopro.fr\/ est \u00e9dit\u00e9 par la soci\u00e9t\u00e9 ATOO PRO,Soci\u00e9t\u00e9 \u00e0 [&hellip;]","og_url":"https:\/\/atoopro.fr\/en\/mentions-legales\/","og_site_name":"AtooPro","article_modified_time":"2025-07-21T09:11:30+00:00","twitter_card":"summary_large_image","twitter_misc":{"Est. reading time":"2 minutes"},"schema":{"@context":"https:\/\/schema.org","@graph":[{"@type":"WebPage","@id":"https:\/\/atoopro.fr\/mentions-legales\/","url":"https:\/\/atoopro.fr\/mentions-legales\/","name":"Mentions l\u00e9gales - AtooPro","isPartOf":{"@id":"https:\/\/atoopro.fr\/#website"},"datePublished":"2025-07-21T08:52:57+00:00","dateModified":"2025-07-21T09:11:30+00:00","breadcrumb":{"@id":"https:\/\/atoopro.fr\/mentions-legales\/#breadcrumb"},"inLanguage":"en-US","potentialAction":[{"@type":"ReadAction","target":["https:\/\/atoopro.fr\/mentions-legales\/"]}]},{"@type":"BreadcrumbList","@id":"https:\/\/atoopro.fr\/mentions-legales\/#breadcrumb","itemListElement":[{"@type":"ListItem","position":1,"name":"Accueil","item":"https:\/\/atoopro.fr\/"},{"@type":"ListItem","position":2,"name":"Mentions l\u00e9gales"}]},{"@type":"WebSite","@id":"https:\/\/atoopro.fr\/#website","url":"https:\/\/atoopro.fr\/","name":"AtooPro","description":"L&#039;infog\u00e9rance de confiance","publisher":{"@id":"https:\/\/atoopro.fr\/#organization"},"potentialAction":[{"@type":"SearchAction","target":{"@type":"EntryPoint","urlTemplate":"https:\/\/atoopro.fr\/?s={search_term_string}"},"query-input":{"@type":"PropertyValueSpecification","valueRequired":true,"valueName":"search_term_string"}}],"inLanguage":"en-US"},{"@type":"Organization","@id":"https:\/\/atoopro.fr\/#organization","name":"AtooPro","url":"https:\/\/atoopro.fr\/","logo":{"@type":"ImageObject","inLanguage":"en-US","@id":"https:\/\/atoopro.fr\/#\/schema\/logo\/image\/","url":"https:\/\/atoopro.fr\/wp-content\/uploads\/2025\/01\/Logo-AtooPro.png","contentUrl":"https:\/\/atoopro.fr\/wp-content\/uploads\/2025\/01\/Logo-AtooPro.png","width":2161,"height":786,"caption":"AtooPro"},"image":{"@id":"https:\/\/atoopro.fr\/#\/schema\/logo\/image\/"}}]}},"jetpack_sharing_enabled":true,"_links":{"self":[{"href":"https:\/\/atoopro.fr\/en\/wp-json\/wp\/v2\/pages\/2305","targetHints":{"allow":["GET"]}}],"collection":[{"href":"https:\/\/atoopro.fr\/en\/wp-json\/wp\/v2\/pages"}],"about":[{"href":"https:\/\/atoopro.fr\/en\/wp-json\/wp\/v2\/types\/page"}],"author":[{"embeddable":true,"href":"https:\/\/atoopro.fr\/en\/wp-json\/wp\/v2\/users\/2"}],"replies":[{"embeddable":true,"href":"https:\/\/atoopro.fr\/en\/wp-json\/wp\/v2\/comments?post=2305"}],"version-history":[{"count":9,"href":"https:\/\/atoopro.fr\/en\/wp-json\/wp\/v2\/pages\/2305\/revisions"}],"predecessor-version":[{"id":2318,"href":"https:\/\/atoopro.fr\/en\/wp-json\/wp\/v2\/pages\/2305\/revisions\/2318"}],"wp:attachment":[{"href":"https:\/\/atoopro.fr\/en\/wp-json\/wp\/v2\/media?parent=2305"}],"curies":[{"name":"wp","href":"https:\/\/api.w.org\/{rel}","templated":true}]}}